{"id":16,"date":"2025-03-13T10:19:50","date_gmt":"2025-03-13T09:19:50","guid":{"rendered":"https:\/\/preview.foodfair.de\/?page_id=16"},"modified":"2026-02-26T12:25:36","modified_gmt":"2026-02-26T11:25:36","slug":"impressum","status":"publish","type":"page","link":"https:\/\/foodfair.de\/en\/impressum\/","title":{"rendered":"Legal notice"},"content":{"rendered":"<div data-elementor-type=\"wp-page\" data-elementor-id=\"16\" class=\"elementor elementor-16\" data-elementor-post-type=\"page\">\n\t\t\t\t<div class=\"elementor-element elementor-element-3bf0ca9a e-con-full e-flex e-con e-parent\" data-id=\"3bf0ca9a\" data-element_type=\"container\" data-e-type=\"container\" data-settings=\"{&quot;background_background&quot;:&quot;gradient&quot;}\">\n\t\t\t\t<div class=\"elementor-element elementor-element-48f80229 elementor-widget elementor-widget-heading\" data-id=\"48f80229\" data-element_type=\"widget\" data-e-type=\"widget\" data-widget_type=\"heading.default\">\n\t\t\t\t<div class=\"elementor-widget-container\">\n\t\t\t\t\t<h2 class=\"elementor-heading-title elementor-size-default\">FOODFAIR GmbH<\/h2>\t\t\t\t<\/div>\n\t\t\t\t<\/div>\n\t\t\t\t<div class=\"elementor-element elementor-element-5a5b4b7b elementor-widget elementor-widget-text-editor\" data-id=\"5a5b4b7b\" data-element_type=\"widget\" data-e-type=\"widget\" data-widget_type=\"text-editor.default\">\n\t\t\t\t<div class=\"elementor-widget-container\">\n\t\t\t\t\t\t\t\t\tWiener Stra\u00dfe 64 <br>3100 St. P\u00f6lten\t\t\t\t\t\t\t\t<\/div>\n\t\t\t\t<\/div>\n\t\t\t\t<div class=\"elementor-element elementor-element-77489625 elementor-widget elementor-widget-heading\" data-id=\"77489625\" data-element_type=\"widget\" data-e-type=\"widget\" data-widget_type=\"heading.default\">\n\t\t\t\t<div class=\"elementor-widget-container\">\n\t\t\t\t\t<h2 class=\"elementor-heading-title elementor-size-default\">Managing director<\/h2>\t\t\t\t<\/div>\n\t\t\t\t<\/div>\n\t\t\t\t<div class=\"elementor-element elementor-element-17ad8483 elementor-widget elementor-widget-text-editor\" data-id=\"17ad8483\" data-element_type=\"widget\" data-e-type=\"widget\" data-widget_type=\"text-editor.default\">\n\t\t\t\t<div class=\"elementor-widget-container\">\n\t\t\t\t\t\t\t\t\tIng. Stefan Mader, MA\n<br>J\u00f6rg Brezl\t\t\t\t\t\t\t\t<\/div>\n\t\t\t\t<\/div>\n\t\t\t\t<div class=\"elementor-element elementor-element-4e5ee3e6 elementor-widget elementor-widget-heading\" data-id=\"4e5ee3e6\" data-element_type=\"widget\" data-e-type=\"widget\" data-widget_type=\"heading.default\">\n\t\t\t\t<div class=\"elementor-widget-container\">\n\t\t\t\t\t<h2 class=\"elementor-heading-title elementor-size-default\">Registergericht<\/h2>\t\t\t\t<\/div>\n\t\t\t\t<\/div>\n\t\t\t\t<div class=\"elementor-element elementor-element-4e3f6d7b elementor-widget elementor-widget-text-editor\" data-id=\"4e3f6d7b\" data-element_type=\"widget\" data-e-type=\"widget\" data-widget_type=\"text-editor.default\">\n\t\t\t\t<div class=\"elementor-widget-container\">\n\t\t\t\t\t\t\t\t\tLandesgericht St. P\u00f6lten\t\t\t\t\t\t\t\t<\/div>\n\t\t\t\t<\/div>\n\t\t\t\t<div class=\"elementor-element elementor-element-13801cfe elementor-widget elementor-widget-heading\" data-id=\"13801cfe\" data-element_type=\"widget\" data-e-type=\"widget\" data-widget_type=\"heading.default\">\n\t\t\t\t<div class=\"elementor-widget-container\">\n\t\t\t\t\t<h2 class=\"elementor-heading-title elementor-size-default\">Firmenbuchnummer<\/h2>\t\t\t\t<\/div>\n\t\t\t\t<\/div>\n\t\t\t\t<div class=\"elementor-element elementor-element-5be9c164 elementor-widget elementor-widget-text-editor\" data-id=\"5be9c164\" data-element_type=\"widget\" data-e-type=\"widget\" data-widget_type=\"text-editor.default\">\n\t\t\t\t<div class=\"elementor-widget-container\">\n\t\t\t\t\t\t\t\t\tFN 632653 y\t\t\t\t\t\t\t\t<\/div>\n\t\t\t\t<\/div>\n\t\t\t\t<div class=\"elementor-element elementor-element-15a2ad04 elementor-widget elementor-widget-heading\" data-id=\"15a2ad04\" data-element_type=\"widget\" data-e-type=\"widget\" data-widget_type=\"heading.default\">\n\t\t\t\t<div class=\"elementor-widget-container\">\n\t\t\t\t\t<h2 class=\"elementor-heading-title elementor-size-default\">Disclaimer<\/h2>\t\t\t\t<\/div>\n\t\t\t\t<\/div>\n\t\t\t\t<div class=\"elementor-element elementor-element-35952379 elementor-widget__width-initial elementor-widget elementor-widget-text-editor\" data-id=\"35952379\" data-element_type=\"widget\" data-e-type=\"widget\" data-widget_type=\"text-editor.default\">\n\t\t\t\t<div class=\"elementor-widget-container\">\n\t\t\t\t\t\t\t\t\t<p>Although the content of this website is subject to constant monitoring by us, we accept no liability for the content of external links. The content of linked pages is the responsibility of the respective operators.<\/p>\t\t\t\t\t\t\t\t<\/div>\n\t\t\t\t<\/div>\n\t\t\t\t<\/div>\n\t\t\t\t<\/div>","protected":false},"excerpt":{"rendered":"<p>FOODFAIR GmbH Wiener Stra\u00dfe 64 3100 St. P\u00f6lten Gesch\u00e4ftsf\u00fchrer Ing. Stefan Mader, MA J\u00f6rg Brezl Registergericht Landesgericht St. P\u00f6lten Firmenbuchnummer [&hellip;]<\/p>\n","protected":false},"author":2,"featured_media":0,"parent":0,"menu_order":0,"comment_status":"closed","ping_status":"closed","template":"","meta":{"inline_featured_image":false,"site-sidebar-layout":"no-sidebar","site-content-layout":"","ast-site-content-layout":"full-width-container","site-content-style":"default","site-sidebar-style":"default","ast-global-header-display":"","ast-banner-title-visibility":"","ast-main-header-display":"","ast-hfb-above-header-display":"","ast-hfb-below-header-display":"","ast-hfb-mobile-header-display":"","site-post-title":"disabled","ast-breadcrumbs-content":"","ast-featured-img":"disabled","footer-sml-layout":"","ast-disable-related-posts":"","theme-transparent-header-meta":"","adv-header-id-meta":"","stick-header-meta":"","header-above-stick-meta":"","header-main-stick-meta":"","header-below-stick-meta":"","astra-migrate-meta-layouts":"default","ast-page-background-enabled":"default","ast-page-background-meta":{"desktop":{"background-color":"var(--ast-global-color-5)","background-image":"","background-repeat":"repeat","background-position":"center center","background-size":"auto","background-attachment":"scroll","background-type":"","background-media":"","overlay-type":"","overlay-color":"","overlay-opacity":"","overlay-gradient":""},"tablet":{"background-color":"","background-image":"","background-repeat":"repeat","background-position":"center center","background-size":"auto","background-attachment":"scroll","background-type":"","background-media":"","overlay-type":"","overlay-color":"","overlay-opacity":"","overlay-gradient":""},"mobile":{"background-color":"","background-image":"","background-repeat":"repeat","background-position":"center center","background-size":"auto","background-attachment":"scroll","background-type":"","background-media":"","overlay-type":"","overlay-color":"","overlay-opacity":"","overlay-gradient":""}},"ast-content-background-meta":{"desktop":{"background-color":"var(--ast-global-color-4)","background-image":"","background-repeat":"repeat","background-position":"center center","background-size":"auto","background-attachment":"scroll","background-type":"","background-media":"","overlay-type":"","overlay-color":"","overlay-opacity":"","overlay-gradient":""},"tablet":{"background-color":"var(--ast-global-color-4)","background-image":"","background-repeat":"repeat","background-position":"center center","background-size":"auto","background-attachment":"scroll","background-type":"","background-media":"","overlay-type":"","overlay-color":"","overlay-opacity":"","overlay-gradient":""},"mobile":{"background-color":"var(--ast-global-color-4)","background-image":"","background-repeat":"repeat","background-position":"center center","background-size":"auto","background-attachment":"scroll","background-type":"","background-media":"","overlay-type":"","overlay-color":"","overlay-opacity":"","overlay-gradient":""}},"footnotes":""},"class_list":["post-16","page","type-page","status-publish","hentry"],"yoast_head":"<!-- This site is optimized with the Yoast SEO plugin v27.2 - https:\/\/yoast.com\/product\/yoast-seo-wordpress\/ -->\n<title>Impressum - FoodFair<\/title>\n<meta name=\"robots\" content=\"index, follow, max-snippet:-1, max-image-preview:large, max-video-preview:-1\" \/>\n<link rel=\"canonical\" href=\"https:\/\/foodfair.de\/en\/impressum\/\" \/>\n<meta property=\"og:locale\" content=\"en_US\" \/>\n<meta property=\"og:type\" content=\"article\" \/>\n<meta property=\"og:title\" content=\"Impressum - FoodFair\" \/>\n<meta property=\"og:description\" content=\"FOODFAIR GmbH Wiener Stra\u00dfe 64 3100 St. P\u00f6lten Gesch\u00e4ftsf\u00fchrer Ing. Stefan Mader, MA J\u00f6rg Brezl Registergericht Landesgericht St. P\u00f6lten Firmenbuchnummer [&hellip;]\" \/>\n<meta property=\"og:url\" content=\"https:\/\/foodfair.de\/en\/impressum\/\" \/>\n<meta property=\"og:site_name\" content=\"FoodFair\" \/>\n<meta property=\"article:modified_time\" content=\"2026-02-26T11:25:36+00:00\" \/>\n<meta property=\"og:image\" content=\"https:\/\/foodfair.de\/wp-content\/uploads\/2025\/04\/About-Foodfair-Kontakt.jpg\" \/>\n\t<meta property=\"og:image:width\" content=\"1142\" \/>\n\t<meta property=\"og:image:height\" content=\"642\" \/>\n\t<meta property=\"og:image:type\" content=\"image\/jpeg\" \/>\n<meta name=\"twitter:card\" content=\"summary_large_image\" \/>\n<meta name=\"twitter:label1\" content=\"Est. reading time\" \/>\n\t<meta name=\"twitter:data1\" content=\"1 minute\" \/>\n<script type=\"application\/ld+json\" class=\"yoast-schema-graph\">{\"@context\":\"https:\/\/schema.org\",\"@graph\":[{\"@type\":\"WebPage\",\"@id\":\"https:\/\/foodfair.de\/impressum\/\",\"url\":\"https:\/\/foodfair.de\/impressum\/\",\"name\":\"Impressum - FoodFair\",\"isPartOf\":{\"@id\":\"https:\/\/foodfair.de\/#website\"},\"datePublished\":\"2025-03-13T09:19:50+00:00\",\"dateModified\":\"2026-02-26T11:25:36+00:00\",\"breadcrumb\":{\"@id\":\"https:\/\/foodfair.de\/impressum\/#breadcrumb\"},\"inLanguage\":\"en-US\",\"potentialAction\":[{\"@type\":\"ReadAction\",\"target\":[\"https:\/\/foodfair.de\/impressum\/\"]}]},{\"@type\":\"BreadcrumbList\",\"@id\":\"https:\/\/foodfair.de\/impressum\/#breadcrumb\",\"itemListElement\":[{\"@type\":\"ListItem\",\"position\":1,\"name\":\"Startseite\",\"item\":\"https:\/\/foodfair.de\/\"},{\"@type\":\"ListItem\",\"position\":2,\"name\":\"Impressum\"}]},{\"@type\":\"WebSite\",\"@id\":\"https:\/\/foodfair.de\/#website\",\"url\":\"https:\/\/foodfair.de\/\",\"name\":\"FoodFair\",\"description\":\"\",\"publisher\":{\"@id\":\"https:\/\/foodfair.de\/#organization\"},\"potentialAction\":[{\"@type\":\"SearchAction\",\"target\":{\"@type\":\"EntryPoint\",\"urlTemplate\":\"https:\/\/foodfair.de\/?s={search_term_string}\"},\"query-input\":{\"@type\":\"PropertyValueSpecification\",\"valueRequired\":true,\"valueName\":\"search_term_string\"}}],\"inLanguage\":\"en-US\"},{\"@type\":\"Organization\",\"@id\":\"https:\/\/foodfair.de\/#organization\",\"name\":\"FoodFair\",\"url\":\"https:\/\/foodfair.de\/\",\"logo\":{\"@type\":\"ImageObject\",\"inLanguage\":\"en-US\",\"@id\":\"https:\/\/foodfair.de\/#\/schema\/logo\/image\/\",\"url\":\"https:\/\/foodfair.de\/wp-content\/uploads\/2025\/07\/Icon.svg\",\"contentUrl\":\"https:\/\/foodfair.de\/wp-content\/uploads\/2025\/07\/Icon.svg\",\"width\":\"1024\",\"height\":\"1024\",\"caption\":\"FoodFair\"},\"image\":{\"@id\":\"https:\/\/foodfair.de\/#\/schema\/logo\/image\/\"}}]}<\/script>\n<!-- \/ Yoast SEO plugin. -->","yoast_head_json":{"title":"Impressum - FoodFair","robots":{"index":"index","follow":"follow","max-snippet":"max-snippet:-1","max-image-preview":"max-image-preview:large","max-video-preview":"max-video-preview:-1"},"canonical":"https:\/\/foodfair.de\/en\/impressum\/","og_locale":"en_US","og_type":"article","og_title":"Impressum - FoodFair","og_description":"FOODFAIR GmbH Wiener Stra\u00dfe 64 3100 St. P\u00f6lten Gesch\u00e4ftsf\u00fchrer Ing. Stefan Mader, MA J\u00f6rg Brezl Registergericht Landesgericht St. P\u00f6lten Firmenbuchnummer [&hellip;]","og_url":"https:\/\/foodfair.de\/en\/impressum\/","og_site_name":"FoodFair","article_modified_time":"2026-02-26T11:25:36+00:00","og_image":[{"width":1142,"height":642,"url":"https:\/\/foodfair.de\/wp-content\/uploads\/2025\/04\/About-Foodfair-Kontakt.jpg","type":"image\/jpeg"}],"twitter_card":"summary_large_image","twitter_misc":{"Est. reading time":"1 minute"},"schema":{"@context":"https:\/\/schema.org","@graph":[{"@type":"WebPage","@id":"https:\/\/foodfair.de\/impressum\/","url":"https:\/\/foodfair.de\/impressum\/","name":"Impressum - FoodFair","isPartOf":{"@id":"https:\/\/foodfair.de\/#website"},"datePublished":"2025-03-13T09:19:50+00:00","dateModified":"2026-02-26T11:25:36+00:00","breadcrumb":{"@id":"https:\/\/foodfair.de\/impressum\/#breadcrumb"},"inLanguage":"en-US","potentialAction":[{"@type":"ReadAction","target":["https:\/\/foodfair.de\/impressum\/"]}]},{"@type":"BreadcrumbList","@id":"https:\/\/foodfair.de\/impressum\/#breadcrumb","itemListElement":[{"@type":"ListItem","position":1,"name":"Startseite","item":"https:\/\/foodfair.de\/"},{"@type":"ListItem","position":2,"name":"Impressum"}]},{"@type":"WebSite","@id":"https:\/\/foodfair.de\/#website","url":"https:\/\/foodfair.de\/","name":"FoodFair","description":"","publisher":{"@id":"https:\/\/foodfair.de\/#organization"},"potentialAction":[{"@type":"SearchAction","target":{"@type":"EntryPoint","urlTemplate":"https:\/\/foodfair.de\/?s={search_term_string}"},"query-input":{"@type":"PropertyValueSpecification","valueRequired":true,"valueName":"search_term_string"}}],"inLanguage":"en-US"},{"@type":"Organization","@id":"https:\/\/foodfair.de\/#organization","name":"FoodFair","url":"https:\/\/foodfair.de\/","logo":{"@type":"ImageObject","inLanguage":"en-US","@id":"https:\/\/foodfair.de\/#\/schema\/logo\/image\/","url":"https:\/\/foodfair.de\/wp-content\/uploads\/2025\/07\/Icon.svg","contentUrl":"https:\/\/foodfair.de\/wp-content\/uploads\/2025\/07\/Icon.svg","width":"1024","height":"1024","caption":"FoodFair"},"image":{"@id":"https:\/\/foodfair.de\/#\/schema\/logo\/image\/"}}]}},"_links":{"self":[{"href":"https:\/\/foodfair.de\/en\/wp-json\/wp\/v2\/pages\/16","targetHints":{"allow":["GET"]}}],"collection":[{"href":"https:\/\/foodfair.de\/en\/wp-json\/wp\/v2\/pages"}],"about":[{"href":"https:\/\/foodfair.de\/en\/wp-json\/wp\/v2\/types\/page"}],"author":[{"embeddable":true,"href":"https:\/\/foodfair.de\/en\/wp-json\/wp\/v2\/users\/2"}],"replies":[{"embeddable":true,"href":"https:\/\/foodfair.de\/en\/wp-json\/wp\/v2\/comments?post=16"}],"version-history":[{"count":16,"href":"https:\/\/foodfair.de\/en\/wp-json\/wp\/v2\/pages\/16\/revisions"}],"predecessor-version":[{"id":2350,"href":"https:\/\/foodfair.de\/en\/wp-json\/wp\/v2\/pages\/16\/revisions\/2350"}],"wp:attachment":[{"href":"https:\/\/foodfair.de\/en\/wp-json\/wp\/v2\/media?parent=16"}],"curies":[{"name":"wp","href":"https:\/\/api.w.org\/{rel}","templated":true}]}}